{"id":275,"date":"2025-06-02T10:23:51","date_gmt":"2025-06-02T08:23:51","guid":{"rendered":"https:\/\/basilecactus.com\/?page_id=275"},"modified":"2026-03-19T17:55:15","modified_gmt":"2026-03-19T16:55:15","slug":"panier-basilecactus-verifiez-vos-articles-et-passez-commande","status":"publish","type":"page","link":"https:\/\/basilecactus.com\/?page_id=275","title":{"rendered":"Panier"},"content":{"rendered":"<p>[et_pb_section fb_built=\u00a0\u00bb1&Prime; next_background_color=\u00a0\u00bb#000000&Prime; _builder_version=\u00a0\u00bb4.27.4&Prime; bottom_divider_style=\u00a0\u00bbclouds2&Prime; global_colors_info=\u00a0\u00bb{}\u00a0\u00bb][et_pb_row _builder_version=\u00a0\u00bb4.16&Prime; background_size=\u00a0\u00bbinitial\u00a0\u00bb background_position=\u00a0\u00bbtop_left\u00a0\u00bb background_repeat=\u00a0\u00bbrepeat\u00a0\u00bb global_colors_info=\u00a0\u00bb{}\u00a0\u00bb][et_pb_column type=\u00a0\u00bb4_4&Prime; _builder_version=\u00a0\u00bb4.16&Prime; custom_padding=\u00a0\u00bb|||\u00a0\u00bb global_colors_info=\u00a0\u00bb{}\u00a0\u00bb custom_padding__hover=\u00a0\u00bb|||\u00a0\u00bb][et_pb_post_title meta=\u00a0\u00bboff\u00a0\u00bb featured_image=\u00a0\u00bboff\u00a0\u00bb _builder_version=\u00a0\u00bb4.27.4&Prime; hover_enabled=\u00a0\u00bb0&Prime; title_font_size_tablet=\u00a0\u00bb\u00a0\u00bb title_font_size_phone=\u00a0\u00bb35px\u00a0\u00bb title_font_size_last_edited=\u00a0\u00bbon|phone\u00a0\u00bb global_colors_info=\u00a0\u00bb{}\u00a0\u00bb title_font_size=\u00a0\u00bb43px\u00a0\u00bb sticky_enabled=\u00a0\u00bb0&Prime;][\/et_pb_post_title][et_pb_wc_cart_notice _builder_version=\u00a0\u00bb4.27.4&Prime; title_font=\u00a0\u00bb&#8211;et_global_body_font||||||||\u00a0\u00bb title_text_color=\u00a0\u00bb#FFFFFF\u00a0\u00bb title_font_size=\u00a0\u00bb19px\u00a0\u00bb content_text_color=\u00a0\u00bbRGBA(255,255,255,0)\u00a0\u00bb custom_button=\u00a0\u00bbon\u00a0\u00bb button_text_size=\u00a0\u00bb16px\u00a0\u00bb button_text_color=\u00a0\u00bb#000000&Prime; button_border_width=\u00a0\u00bb0px\u00a0\u00bb button_border_radius=\u00a0\u00bb19px\u00a0\u00bb text_orientation=\u00a0\u00bbcenter\u00a0\u00bb width=\u00a0\u00bb100%\u00a0\u00bb max_width=\u00a0\u00bb34%\u00a0\u00bb max_width_tablet=\u00a0\u00bb34%\u00a0\u00bb max_width_phone=\u00a0\u00bb93%\u00a0\u00bb max_width_last_edited=\u00a0\u00bbon|phone\u00a0\u00bb module_alignment=\u00a0\u00bbleft\u00a0\u00bb title_font_size_tablet=\u00a0\u00bb19px\u00a0\u00bb title_font_size_phone=\u00a0\u00bb15px\u00a0\u00bb title_font_size_last_edited=\u00a0\u00bbon|phone\u00a0\u00bb button_border_radius_last_edited=\u00a0\u00bboff|desktop\u00a0\u00bb text_orientation_tablet=\u00a0\u00bbcenter\u00a0\u00bb text_orientation_phone=\u00a0\u00bbcenter\u00a0\u00bb text_orientation_last_edited=\u00a0\u00bbon|phone\u00a0\u00bb border_radii=\u00a0\u00bbon|19px|19px|19px|19px\u00a0\u00bb box_shadow_style_button=\u00a0\u00bbpreset1&Prime; global_colors_info=\u00a0\u00bb{}\u00a0\u00bb button_text_color__hover_enabled=\u00a0\u00bbon|hover\u00a0\u00bb button_text_color__hover=\u00a0\u00bb#000000&Prime; button_bg_color__hover_enabled=\u00a0\u00bbon|hover\u00a0\u00bb button_bg_color__hover=\u00a0\u00bb#ffffff\u00a0\u00bb button_bg_enable_color__hover=\u00a0\u00bbon\u00a0\u00bb][\/et_pb_wc_cart_notice][et_pb_wc_cart_products placeholder_color=\u00a0\u00bb#9b9b9b\u00a0\u00bb show_coupon_code=\u00a0\u00bboff\u00a0\u00bb _builder_version=\u00a0\u00bb4.27.4&Prime; table_background_color=\u00a0\u00bb#FFFFFF\u00a0\u00bb body_font=\u00a0\u00bbABeeZee||||||||\u00a0\u00bb form_field_text_align=\u00a0\u00bbright\u00a0\u00bb background_color=\u00a0\u00bb#FFFFFF\u00a0\u00bb custom_button=\u00a0\u00bbon\u00a0\u00bb button_text_color=\u00a0\u00bb#000000&Prime; button_border_color=\u00a0\u00bb#FFFFFF\u00a0\u00bb custom_disabled_button=\u00a0\u00bbon\u00a0\u00bb disabled_button_text_color=\u00a0\u00bb#000000&Prime; disabled_button_bg_color=\u00a0\u00bb#ffffff\u00a0\u00bb disabled_button_border_width=\u00a0\u00bb0px\u00a0\u00bb disabled_button_border_radius=\u00a0\u00bb19px\u00a0\u00bb disabled_button_text_size_tablet=\u00a0\u00bb\u00a0\u00bb disabled_button_text_size_phone=\u00a0\u00bb17px\u00a0\u00bb disabled_button_text_size_last_edited=\u00a0\u00bbon|phone\u00a0\u00bb border_radii_table=\u00a0\u00bbon|19px|19px|19px|19px\u00a0\u00bb border_radii_form_field=\u00a0\u00bbon|18px|18px|18px|18px\u00a0\u00bb box_shadow_style_table=\u00a0\u00bbpreset1&Prime; box_shadow_style_disabled_button=\u00a0\u00bbpreset1&Prime; global_colors_info=\u00a0\u00bb{}\u00a0\u00bb disabled_button_text_color__hover_enabled=\u00a0\u00bbon|hover\u00a0\u00bb disabled_button_text_color__hover=\u00a0\u00bb#000000&Prime;][\/et_pb_wc_cart_products][\/et_pb_column][\/et_pb_row][et_pb_row column_structure=\u00a0\u00bb1_2,1_2&Prime; _builder_version=\u00a0\u00bb4.16&Prime; background_size=\u00a0\u00bbinitial\u00a0\u00bb background_position=\u00a0\u00bbtop_left\u00a0\u00bb background_repeat=\u00a0\u00bbrepeat\u00a0\u00bb custom_padding=\u00a0\u00bb||155px|||\u00a0\u00bb global_colors_info=\u00a0\u00bb{}\u00a0\u00bb][et_pb_column type=\u00a0\u00bb1_2&Prime; _builder_version=\u00a0\u00bb4.16&Prime; custom_padding=\u00a0\u00bb|||\u00a0\u00bb global_colors_info=\u00a0\u00bb{}\u00a0\u00bb custom_padding__hover=\u00a0\u00bb|||\u00a0\u00bb][et_pb_wc_cross_sells _builder_version=\u00a0\u00bb4.27.4&Prime; width_tablet=\u00a0\u00bb\u00a0\u00bb width_phone=\u00a0\u00bb99%\u00a0\u00bb width_last_edited=\u00a0\u00bbon|phone\u00a0\u00bb title_font_size_tablet=\u00a0\u00bb\u00a0\u00bb title_font_size_phone=\u00a0\u00bb18px\u00a0\u00bb title_font_size_last_edited=\u00a0\u00bbon|phone\u00a0\u00bb global_colors_info=\u00a0\u00bb{}\u00a0\u00bb][\/et_pb_wc_cross_sells][\/et_pb_column][et_pb_column type=\u00a0\u00bb1_2&Prime; _builder_version=\u00a0\u00bb4.16&Prime; custom_padding=\u00a0\u00bb|||\u00a0\u00bb global_colors_info=\u00a0\u00bb{}\u00a0\u00bb custom_padding__hover=\u00a0\u00bb|||\u00a0\u00bb][et_pb_wc_cart_totals _builder_version=\u00a0\u00bb4.27.4&Prime; custom_button=\u00a0\u00bbon\u00a0\u00bb button_text_color=\u00a0\u00bb#000000&Prime; button_border_color=\u00a0\u00bb#FFFFFF\u00a0\u00bb button_border_radius=\u00a0\u00bb19px\u00a0\u00bb box_shadow_style_button=\u00a0\u00bbpreset1&Prime; global_colors_info=\u00a0\u00bb{}\u00a0\u00bb][\/et_pb_wc_cart_totals][\/et_pb_column][\/et_pb_row][\/et_pb_section][et_pb_section fb_built=\u00a0\u00bb1&Prime; _builder_version=\u00a0\u00bb4.27.4&Prime; _module_preset=\u00a0\u00bbdefault\u00a0\u00bb background_image=\u00a0\u00bbhttp:\/\/basilecactus.com\/wp-content\/uploads\/2025\/05\/fond.jpg\u00a0\u00bb min_height_tablet=\u00a0\u00bb\u00a0\u00bb min_height_phone=\u00a0\u00bb\u00a0\u00bb min_height_last_edited=\u00a0\u00bbon|phone\u00a0\u00bb height_tablet=\u00a0\u00bb\u00a0\u00bb height_phone=\u00a0\u00bb507px\u00a0\u00bb height_last_edited=\u00a0\u00bbon|phone\u00a0\u00bb custom_padding=\u00a0\u00bb157px||172px|||\u00a0\u00bb global_colors_info=\u00a0\u00bb{}\u00a0\u00bb][et_pb_row _builder_version=\u00a0\u00bb4.27.4&Prime; _module_preset=\u00a0\u00bbdefault\u00a0\u00bb global_colors_info=\u00a0\u00bb{}\u00a0\u00bb][et_pb_column type=\u00a0\u00bb4_4&Prime; _builder_version=\u00a0\u00bb4.27.4&Prime; _module_preset=\u00a0\u00bbdefault\u00a0\u00bb global_colors_info=\u00a0\u00bb{}\u00a0\u00bb][et_pb_text _builder_version=\u00a0\u00bb4.27.4&Prime; _dynamic_attributes=\u00a0\u00bblink_option_url\u00a0\u00bb _module_preset=\u00a0\u00bbdefault\u00a0\u00bb text_font=\u00a0\u00bb&#8211;et_global_body_font||||||||\u00a0\u00bb text_text_color=\u00a0\u00bb#FFFFFF\u00a0\u00bb text_font_size=\u00a0\u00bb30px\u00a0\u00bb text_orientation=\u00a0\u00bbcenter\u00a0\u00bb link_option_url=\u00a0\u00bb@ET-DC@eyJkeW5hbWljIjp0cnVlLCJjb250ZW50IjoicG9zdF9saW5rX3VybF9wYWdlIiwic2V0dGluZ3MiOnsicG9zdF9pZCI6IjM1In19@\u00a0\u00bb global_colors_info=\u00a0\u00bb{}\u00a0\u00bb]Accueil[\/et_pb_text][\/et_pb_column][\/et_pb_row][et_pb_row _builder_version=\u00a0\u00bb4.27.4&Prime; _module_preset=\u00a0\u00bbdefault\u00a0\u00bb global_colors_info=\u00a0\u00bb{}\u00a0\u00bb][et_pb_column type=\u00a0\u00bb4_4&Prime; _builder_version=\u00a0\u00bb4.27.4&Prime; _module_preset=\u00a0\u00bbdefault\u00a0\u00bb global_colors_info=\u00a0\u00bb{}\u00a0\u00bb][et_pb_text _builder_version=\u00a0\u00bb4.27.4&Prime; _dynamic_attributes=\u00a0\u00bblink_option_url\u00a0\u00bb _module_preset=\u00a0\u00bbdefault\u00a0\u00bb text_font=\u00a0\u00bb&#8211;et_global_body_font||||||||\u00a0\u00bb text_text_color=\u00a0\u00bb#FFFFFF\u00a0\u00bb text_font_size=\u00a0\u00bb30px\u00a0\u00bb text_orientation=\u00a0\u00bbcenter\u00a0\u00bb link_option_url=\u00a0\u00bb@ET-DC@eyJkeW5hbWljIjp0cnVlLCJjb250ZW50IjoicG9zdF9saW5rX3VybF9wYWdlIiwic2V0dGluZ3MiOnsicG9zdF9pZCI6IjE4MyJ9fQ==@\u00a0\u00bb global_colors_info=\u00a0\u00bb{}\u00a0\u00bb]Shop[\/et_pb_text][\/et_pb_column][\/et_pb_row][et_pb_row _builder_version=\u00a0\u00bb4.27.4&Prime; _module_preset=\u00a0\u00bbdefault\u00a0\u00bb global_colors_info=\u00a0\u00bb{}\u00a0\u00bb][et_pb_column type=\u00a0\u00bb4_4&Prime; _builder_version=\u00a0\u00bb4.27.4&Prime; _module_preset=\u00a0\u00bbdefault\u00a0\u00bb global_colors_info=\u00a0\u00bb{}\u00a0\u00bb][et_pb_text _builder_version=\u00a0\u00bb4.27.4&Prime; _dynamic_attributes=\u00a0\u00bblink_option_url\u00a0\u00bb _module_preset=\u00a0\u00bbdefault\u00a0\u00bb text_font=\u00a0\u00bb&#8211;et_global_body_font||||||||\u00a0\u00bb text_text_color=\u00a0\u00bb#FFFFFF\u00a0\u00bb text_font_size=\u00a0\u00bb30px\u00a0\u00bb text_orientation=\u00a0\u00bbcenter\u00a0\u00bb link_option_url=\u00a0\u00bb@ET-DC@eyJkeW5hbWljIjp0cnVlLCJjb250ZW50IjoicG9zdF9saW5rX3VybF9wYWdlIiwic2V0dGluZ3MiOnsicG9zdF9pZCI6IjE1MCJ9fQ==@\u00a0\u00bb global_colors_info=\u00a0\u00bb{}\u00a0\u00bb]\u00c0 propos[\/et_pb_text][\/et_pb_column][\/et_pb_row][et_pb_row _builder_version=\u00a0\u00bb4.27.4&Prime; _module_preset=\u00a0\u00bbdefault\u00a0\u00bb global_colors_info=\u00a0\u00bb{}\u00a0\u00bb][et_pb_column type=\u00a0\u00bb4_4&Prime; _builder_version=\u00a0\u00bb4.27.4&Prime; _module_preset=\u00a0\u00bbdefault\u00a0\u00bb global_colors_info=\u00a0\u00bb{}\u00a0\u00bb][et_pb_text _builder_version=\u00a0\u00bb4.27.4&Prime; _dynamic_attributes=\u00a0\u00bblink_option_url\u00a0\u00bb _module_preset=\u00a0\u00bbdefault\u00a0\u00bb text_font=\u00a0\u00bb&#8211;et_global_body_font||||||||\u00a0\u00bb text_text_color=\u00a0\u00bb#FFFFFF\u00a0\u00bb text_font_size=\u00a0\u00bb30px\u00a0\u00bb text_orientation=\u00a0\u00bbcenter\u00a0\u00bb link_option_url=\u00a0\u00bb@ET-DC@eyJkeW5hbWljIjp0cnVlLCJjb250ZW50IjoicG9zdF9saW5rX3VybF9wYWdlIiwic2V0dGluZ3MiOnsicG9zdF9pZCI6IjE3NCJ9fQ==@\u00a0\u00bb global_colors_info=\u00a0\u00bb{}\u00a0\u00bb]Contact[\/et_pb_text][\/et_pb_column][\/et_pb_row][\/et_pb_section]<\/p>\n","protected":false},"excerpt":{"rendered":"<p>AccueilShop\u00c0 proposContact<\/p>\n","protected":false},"author":1,"featured_media":0,"parent":0,"menu_order":6,"comment_status":"closed","ping_status":"closed","template":"","meta":{"_et_pb_use_builder":"on","_et_pb_old_content":"<!-- wp:woocommerce\/cart -->\n<div class=\"wp-block-woocommerce-cart alignwide is-loading\"><!-- wp:woocommerce\/filled-cart-block -->\n<div class=\"wp-block-woocommerce-filled-cart-block\"><!-- wp:woocommerce\/cart-items-block -->\n<div class=\"wp-block-woocommerce-cart-items-block\"><!-- wp:woocommerce\/cart-line-items-block -->\n<div class=\"wp-block-woocommerce-cart-line-items-block\"><\/div>\n<!-- \/wp:woocommerce\/cart-line-items-block -->\n\n<!-- wp:woocommerce\/cart-cross-sells-block -->\n<div class=\"wp-block-woocommerce-cart-cross-sells-block\"><!-- wp:heading {\"fontSize\":\"large\"} -->\n<h2 class=\"wp-block-heading has-large-font-size\">\u00c7a peut vous int\u00e9resser...<\/h2>\n<!-- \/wp:heading -->\n\n<!-- wp:woocommerce\/cart-cross-sells-products-block -->\n<div class=\"wp-block-woocommerce-cart-cross-sells-products-block\"><\/div>\n<!-- \/wp:woocommerce\/cart-cross-sells-products-block --><\/div>\n<!-- \/wp:woocommerce\/cart-cross-sells-block --><\/div>\n<!-- \/wp:woocommerce\/cart-items-block -->\n\n<!-- wp:woocommerce\/cart-totals-block -->\n<div class=\"wp-block-woocommerce-cart-totals-block\"><!-- wp:woocommerce\/cart-order-summary-block -->\n<div class=\"wp-block-woocommerce-cart-order-summary-block\"><!-- wp:woocommerce\/cart-order-summary-heading-block -->\n<div class=\"wp-block-woocommerce-cart-order-summary-heading-block\"><\/div>\n<!-- \/wp:woocommerce\/cart-order-summary-heading-block -->\n\n<!-- wp:woocommerce\/cart-order-summary-coupon-form-block -->\n<div class=\"wp-block-woocommerce-cart-order-summary-coupon-form-block\"><\/div>\n<!-- \/wp:woocommerce\/cart-order-summary-coupon-form-block -->\n\n<!-- wp:woocommerce\/cart-order-summary-subtotal-block -->\n<div class=\"wp-block-woocommerce-cart-order-summary-subtotal-block\"><\/div>\n<!-- \/wp:woocommerce\/cart-order-summary-subtotal-block -->\n\n<!-- wp:woocommerce\/cart-order-summary-fee-block -->\n<div class=\"wp-block-woocommerce-cart-order-summary-fee-block\"><\/div>\n<!-- \/wp:woocommerce\/cart-order-summary-fee-block -->\n\n<!-- wp:woocommerce\/cart-order-summary-discount-block -->\n<div class=\"wp-block-woocommerce-cart-order-summary-discount-block\"><\/div>\n<!-- \/wp:woocommerce\/cart-order-summary-discount-block -->\n\n<!-- wp:woocommerce\/cart-order-summary-shipping-block -->\n<div class=\"wp-block-woocommerce-cart-order-summary-shipping-block\"><\/div>\n<!-- \/wp:woocommerce\/cart-order-summary-shipping-block -->\n\n<!-- wp:woocommerce\/cart-order-summary-taxes-block -->\n<div class=\"wp-block-woocommerce-cart-order-summary-taxes-block\"><\/div>\n<!-- \/wp:woocommerce\/cart-order-summary-taxes-block --><\/div>\n<!-- \/wp:woocommerce\/cart-order-summary-block -->\n\n<!-- wp:woocommerce\/cart-express-payment-block -->\n<div class=\"wp-block-woocommerce-cart-express-payment-block\"><\/div>\n<!-- \/wp:woocommerce\/cart-express-payment-block -->\n\n<!-- wp:woocommerce\/proceed-to-checkout-block -->\n<div class=\"wp-block-woocommerce-proceed-to-checkout-block\"><\/div>\n<!-- \/wp:woocommerce\/proceed-to-checkout-block -->\n\n<!-- wp:woocommerce\/cart-accepted-payment-methods-block -->\n<div class=\"wp-block-woocommerce-cart-accepted-payment-methods-block\"><\/div>\n<!-- \/wp:woocommerce\/cart-accepted-payment-methods-block --><\/div>\n<!-- \/wp:woocommerce\/cart-totals-block --><\/div>\n<!-- \/wp:woocommerce\/filled-cart-block -->\n\n<!-- wp:woocommerce\/empty-cart-block -->\n<div class=\"wp-block-woocommerce-empty-cart-block\"><!-- wp:heading {\"textAlign\":\"center\",\"className\":\"with-empty-cart-icon wc-block-cart__empty-cart__title\"} -->\n<h2 class=\"wp-block-heading has-text-align-center with-empty-cart-icon wc-block-cart__empty-cart__title\">Votre panier est actuellement vide\u00a0!<\/h2>\n<!-- \/wp:heading -->\n\n<!-- wp:separator {\"className\":\"is-style-dots\"} -->\n<hr class=\"wp-block-separator has-alpha-channel-opacity is-style-dots\"\/>\n<!-- \/wp:separator -->\n\n<!-- wp:heading {\"textAlign\":\"center\"} -->\n<h2 class=\"wp-block-heading has-text-align-center\">Nouveau dans la boutique<\/h2>\n<!-- \/wp:heading -->\n\n<!-- wp:woocommerce\/product-new {\"columns\":4,\"rows\":1} \/--><\/div>\n<!-- \/wp:woocommerce\/empty-cart-block --><\/div>\n<!-- \/wp:woocommerce\/cart -->","_et_gb_content_width":"","footnotes":""},"class_list":["post-275","page","type-page","status-publish","hentry"],"yoast_head":"<!-- This site is optimized with the Yoast SEO plugin v27.4 - https:\/\/yoast.com\/product\/yoast-seo-wordpress\/ -->\n<title>Panier - BasileCactus<\/title>\n<meta name=\"description\" content=\"Consultez votre panier BasileCactus, modifiez vos articles et finalisez votre commande en toute simplicit\u00e9 gr\u00e2ce \u00e0 notre paiement s\u00e9curis\u00e9.\" \/>\n<meta name=\"robots\" content=\"index, follow, max-snippet:-1, max-image-preview:large, max-video-preview:-1\" \/>\n<link rel=\"canonical\" href=\"https:\/\/basilecactus.com\/?page_id=275\" \/>\n<meta property=\"og:locale\" content=\"fr_FR\" \/>\n<meta property=\"og:type\" content=\"article\" \/>\n<meta property=\"og:title\" content=\"Panier - BasileCactus\" \/>\n<meta property=\"og:description\" content=\"Consultez votre panier BasileCactus, modifiez vos articles et finalisez votre commande en toute simplicit\u00e9 gr\u00e2ce \u00e0 notre paiement s\u00e9curis\u00e9.\" \/>\n<meta property=\"og:url\" content=\"https:\/\/basilecactus.com\/?page_id=275\" \/>\n<meta property=\"og:site_name\" content=\"BasileCactus\" \/>\n<meta property=\"article:modified_time\" content=\"2026-03-19T16:55:15+00:00\" \/>\n<meta name=\"twitter:card\" content=\"summary_large_image\" \/>\n<script type=\"application\/ld+json\" class=\"yoast-schema-graph\">{\"@context\":\"https:\\\/\\\/schema.org\",\"@graph\":[{\"@type\":\"WebPage\",\"@id\":\"https:\\\/\\\/basilecactus.com\\\/?page_id=275\",\"url\":\"https:\\\/\\\/basilecactus.com\\\/?page_id=275\",\"name\":\"Panier - BasileCactus\",\"isPartOf\":{\"@id\":\"https:\\\/\\\/basilecactus.com\\\/#website\"},\"datePublished\":\"2025-06-02T08:23:51+00:00\",\"dateModified\":\"2026-03-19T16:55:15+00:00\",\"description\":\"Consultez votre panier BasileCactus, modifiez vos articles et finalisez votre commande en toute simplicit\u00e9 gr\u00e2ce \u00e0 notre paiement s\u00e9curis\u00e9.\",\"breadcrumb\":{\"@id\":\"https:\\\/\\\/basilecactus.com\\\/?page_id=275#breadcrumb\"},\"inLanguage\":\"fr-FR\",\"potentialAction\":[{\"@type\":\"ReadAction\",\"target\":[\"https:\\\/\\\/basilecactus.com\\\/?page_id=275\"]}]},{\"@type\":\"BreadcrumbList\",\"@id\":\"https:\\\/\\\/basilecactus.com\\\/?page_id=275#breadcrumb\",\"itemListElement\":[{\"@type\":\"ListItem\",\"position\":1,\"name\":\"Accueil\",\"item\":\"https:\\\/\\\/basilecactus.com\\\/\"},{\"@type\":\"ListItem\",\"position\":2,\"name\":\"Panier\"}]},{\"@type\":\"WebSite\",\"@id\":\"https:\\\/\\\/basilecactus.com\\\/#website\",\"url\":\"https:\\\/\\\/basilecactus.com\\\/\",\"name\":\"BasileCactus\",\"description\":\"\",\"publisher\":{\"@id\":\"https:\\\/\\\/basilecactus.com\\\/#organization\"},\"potentialAction\":[{\"@type\":\"SearchAction\",\"target\":{\"@type\":\"EntryPoint\",\"urlTemplate\":\"https:\\\/\\\/basilecactus.com\\\/?s={search_term_string}\"},\"query-input\":{\"@type\":\"PropertyValueSpecification\",\"valueRequired\":true,\"valueName\":\"search_term_string\"}}],\"inLanguage\":\"fr-FR\"},{\"@type\":\"Organization\",\"@id\":\"https:\\\/\\\/basilecactus.com\\\/#organization\",\"name\":\"BasileCactus\",\"url\":\"https:\\\/\\\/basilecactus.com\\\/\",\"logo\":{\"@type\":\"ImageObject\",\"inLanguage\":\"fr-FR\",\"@id\":\"https:\\\/\\\/basilecactus.com\\\/#\\\/schema\\\/logo\\\/image\\\/\",\"url\":\"https:\\\/\\\/basilecactus.com\\\/wp-content\\\/uploads\\\/2025\\\/05\\\/cropped-Capture-decran-2025-01-22-a-12.05.43.png\",\"contentUrl\":\"https:\\\/\\\/basilecactus.com\\\/wp-content\\\/uploads\\\/2025\\\/05\\\/cropped-Capture-decran-2025-01-22-a-12.05.43.png\",\"width\":1556,\"height\":858,\"caption\":\"BasileCactus\"},\"image\":{\"@id\":\"https:\\\/\\\/basilecactus.com\\\/#\\\/schema\\\/logo\\\/image\\\/\"}}]}<\/script>\n<!-- \/ Yoast SEO plugin. -->","yoast_head_json":{"title":"Panier - BasileCactus","description":"Consultez votre panier BasileCactus, modifiez vos articles et finalisez votre commande en toute simplicit\u00e9 gr\u00e2ce \u00e0 notre paiement s\u00e9curis\u00e9.","robots":{"index":"index","follow":"follow","max-snippet":"max-snippet:-1","max-image-preview":"max-image-preview:large","max-video-preview":"max-video-preview:-1"},"canonical":"https:\/\/basilecactus.com\/?page_id=275","og_locale":"fr_FR","og_type":"article","og_title":"Panier - BasileCactus","og_description":"Consultez votre panier BasileCactus, modifiez vos articles et finalisez votre commande en toute simplicit\u00e9 gr\u00e2ce \u00e0 notre paiement s\u00e9curis\u00e9.","og_url":"https:\/\/basilecactus.com\/?page_id=275","og_site_name":"BasileCactus","article_modified_time":"2026-03-19T16:55:15+00:00","twitter_card":"summary_large_image","schema":{"@context":"https:\/\/schema.org","@graph":[{"@type":"WebPage","@id":"https:\/\/basilecactus.com\/?page_id=275","url":"https:\/\/basilecactus.com\/?page_id=275","name":"Panier - BasileCactus","isPartOf":{"@id":"https:\/\/basilecactus.com\/#website"},"datePublished":"2025-06-02T08:23:51+00:00","dateModified":"2026-03-19T16:55:15+00:00","description":"Consultez votre panier BasileCactus, modifiez vos articles et finalisez votre commande en toute simplicit\u00e9 gr\u00e2ce \u00e0 notre paiement s\u00e9curis\u00e9.","breadcrumb":{"@id":"https:\/\/basilecactus.com\/?page_id=275#breadcrumb"},"inLanguage":"fr-FR","potentialAction":[{"@type":"ReadAction","target":["https:\/\/basilecactus.com\/?page_id=275"]}]},{"@type":"BreadcrumbList","@id":"https:\/\/basilecactus.com\/?page_id=275#breadcrumb","itemListElement":[{"@type":"ListItem","position":1,"name":"Accueil","item":"https:\/\/basilecactus.com\/"},{"@type":"ListItem","position":2,"name":"Panier"}]},{"@type":"WebSite","@id":"https:\/\/basilecactus.com\/#website","url":"https:\/\/basilecactus.com\/","name":"BasileCactus","description":"","publisher":{"@id":"https:\/\/basilecactus.com\/#organization"},"potentialAction":[{"@type":"SearchAction","target":{"@type":"EntryPoint","urlTemplate":"https:\/\/basilecactus.com\/?s={search_term_string}"},"query-input":{"@type":"PropertyValueSpecification","valueRequired":true,"valueName":"search_term_string"}}],"inLanguage":"fr-FR"},{"@type":"Organization","@id":"https:\/\/basilecactus.com\/#organization","name":"BasileCactus","url":"https:\/\/basilecactus.com\/","logo":{"@type":"ImageObject","inLanguage":"fr-FR","@id":"https:\/\/basilecactus.com\/#\/schema\/logo\/image\/","url":"https:\/\/basilecactus.com\/wp-content\/uploads\/2025\/05\/cropped-Capture-decran-2025-01-22-a-12.05.43.png","contentUrl":"https:\/\/basilecactus.com\/wp-content\/uploads\/2025\/05\/cropped-Capture-decran-2025-01-22-a-12.05.43.png","width":1556,"height":858,"caption":"BasileCactus"},"image":{"@id":"https:\/\/basilecactus.com\/#\/schema\/logo\/image\/"}}]}},"_links":{"self":[{"href":"https:\/\/basilecactus.com\/index.php?rest_route=\/wp\/v2\/pages\/275","targetHints":{"allow":["GET"]}}],"collection":[{"href":"https:\/\/basilecactus.com\/index.php?rest_route=\/wp\/v2\/pages"}],"about":[{"href":"https:\/\/basilecactus.com\/index.php?rest_route=\/wp\/v2\/types\/page"}],"author":[{"embeddable":true,"href":"https:\/\/basilecactus.com\/index.php?rest_route=\/wp\/v2\/users\/1"}],"replies":[{"embeddable":true,"href":"https:\/\/basilecactus.com\/index.php?rest_route=%2Fwp%2Fv2%2Fcomments&post=275"}],"version-history":[{"count":23,"href":"https:\/\/basilecactus.com\/index.php?rest_route=\/wp\/v2\/pages\/275\/revisions"}],"predecessor-version":[{"id":1018,"href":"https:\/\/basilecactus.com\/index.php?rest_route=\/wp\/v2\/pages\/275\/revisions\/1018"}],"wp:attachment":[{"href":"https:\/\/basilecactus.com\/index.php?rest_route=%2Fwp%2Fv2%2Fmedia&parent=275"}],"curies":[{"name":"wp","href":"https:\/\/api.w.org\/{rel}","templated":true}]}}